{"id":103,"date":"2023-07-25T17:23:13","date_gmt":"2023-07-25T17:23:13","guid":{"rendered":"https:\/\/www.southtexasinjuryfirm.com\/?page_id=103"},"modified":"2023-08-03T10:39:01","modified_gmt":"2023-08-03T10:39:01","slug":"accidentes-de-auto","status":"publish","type":"page","link":"https:\/\/www.southtexasinjuryfirm.com\/es\/accidentes-de-auto\/","title":{"rendered":"Accidentes de Auto"},"content":{"rendered":"<p>Usted no deber\u00eda tener que pagar de su bolsillo las facturas m\u00e9dicas, las reparaciones de su veh\u00edculo y otros gastos derivados de un percance en caso de haber resultado lesionado en un accidente automovil\u00edstico que fue causado por otra persona. Deje que Richard Gonzales, un abogado de accidentes de auto experimentado, del Valle del R\u00edo Grande, le ayude a responsabilizar a la parte culpable y a buscar la compensaci\u00f3n completa y justa que se merece.<\/p>\n<p>Obtener ayuda despu\u00e9s de un accidente que result\u00f3 en lesiones es tan simple como levantar el tel\u00e9fono o completar un formulario de contacto en l\u00ednea. Una vez hecho, Richard estar\u00e1 all\u00ed para analizar los detalles de su accidente, responder sus preguntas y ayudarle a comprender sus derechos y opciones. Es posible que despu\u00e9s de un accidente automovil\u00edstico, usted tenga derecho a recibir mucho dinero, as\u00ed que no espere hasta que sea demasiado tarde para buscar justicia. Llame ahora a las Oficinas Legales de Richard Gonzales, P.C., o <a href=\"https:\/\/www.southtexasinjuryfirm.com\/es\/contacto\/\">cont\u00e1ctenos en l\u00ednea<\/a> para agendar una evaluaci\u00f3n de caso 100% gratuita y confidencial.<\/p>\n<h2>\u00bfCu\u00e1les son las razones m\u00e1s comunes por las que ocurren accidentes automovil\u00edsticos en el Valle del R\u00edo Grande?<\/h2>\n<p>De acuerdo con el <a href=\"https:\/\/ftp.txdot.gov\/pub\/txdot-info\/trf\/crash_statistics\/2021\/01.pdf\" target=\"_blank\" rel=\"noopener\">Departamento de Transporte de Texas<\/a>, cerca de 20,000 texanos sufrieron lesiones en accidentes automovil\u00edsticos en 2021. Debido a que el Valle del R\u00edo Grande es un \u00e1rea metropolitana de r\u00e1pido crecimiento y con mucho tr\u00e1fico en ciudades como Brownsville, McAllen, Harlingen y Edinburg, un gran n\u00famero de colisiones ocurren frecuentemente en toda la zona.<\/p>\n<p>El tr\u00e1fico tiende a ser m\u00e1s pesado en\u00a0 ciudades m\u00e1s grandes y cerca de los cruces fronterizos internacionales, como en el Puente Internacional Hidalgo-Reynosa y el Puente Internacional Gateway. Si los automovilistas no tienen cuidado y no conducen de manera responsable, podr\u00edan causar un accidente que resulte en lesiones graves o fatales.<\/p>\n<p>Algunas de las causas m\u00e1s comunes de accidentes automovil\u00edsticos en el Valle del R\u00edo Grande incluyen las siguientes:<\/p>\n<ul class=\"icon-list\">\n<li><strong>Conducci\u00f3n distra\u00edda:<\/strong> la conducci\u00f3n distra\u00edda es una de las principales causas de accidentes automovil\u00edsticos en todo el pa\u00eds, especialmente ahora que aparentemente todo el mundo tiene un tel\u00e9fono inteligente. Los conductores que utilizan las redes sociales mientras conducen, o que env\u00edan mensajes de texto, hablan con los pasajeros del veh\u00edculo, se arreglan, comen, beben, ven otra cosa o piensan en algo mas podr\u00eda causar un choque con lesiones graves o mortales.<\/li>\n<li><strong>Exceso de velocidad:<\/strong> existen l\u00edmites de velocidad que permiten optimizar el flujo de tr\u00e1fico y garantizar que los automovilistas lleguen a sus destinos de manera segura. Exceder estos l\u00edmites de velocidad, o conducir demasiado r\u00e1pido sin tomar en cuenta las condiciones de la carretera o el clima, podr\u00eda dificultar adaptarse a las circunstancias cambiantes de la carretera, realizar maniobras evasivas o detenerse a tiempo para evitar un choque.<\/li>\n<li><strong>Conducci\u00f3n imprudente:<\/strong> los conductores que se comportan imprudentemente, haciendo cambios repentinos de carril, zigzagueando entre el tr\u00e1fico o seguiendo muy de cerca a otros veh\u00edculos, se ponen a s\u00ed mismos, a sus pasajeros ya todos los dem\u00e1s en la carretera en peligro. Algunos automovilistas pueden conducir de manera imprudente debido a sentimientos como ira al volante, presi\u00f3n por llegar a su destino o por condiciones como su falta de experiencia manejando.<\/li>\n<li><strong>Fatiga del conductor: <\/strong>un conductor cansado o somnoliento tendr\u00e1 m\u00e1s problemas para concentrarse en la carretera o podr\u00eda experimentar tiempos de reacci\u00f3n m\u00e1s lentos, lo que lo hace m\u00e1s propenso a causar un accidente que un automovilista bien descansado.<\/li>\n<li><strong>Incumplimiento de las se\u00f1ales o luces de tr\u00e1nsito:<\/strong> pasarse una luz roja, no detenerse por completo en una se\u00f1al de alto, no ceder el paso o ignorar otras se\u00f1ales de tr\u00e1nsito podr\u00eda resultar en un accidente con lesiones graves.<\/li>\n<li><strong>Seguir demasiado de cerca a otro veh\u00edculo:<\/strong> los conductores deben recordar que siempre hay que mantener una distancia segura entre su veh\u00edculo y el que est\u00e1 delante de ellos. Es posible que un conductor que sigue muy de cerca a otro no tenga tiempo de detenerse si el veh\u00edculo de adelante frena repentinamente.<\/li>\n<li><strong>Giros ilegales o inadecuados: <\/strong>los conductores que hacen giros ilegales o se incorporan al tr\u00e1fico de forma impulsiva aumentan el riesgo de causar un accidente.<\/li>\n<li><strong>No ajustar la velocidad del veh\u00edculo de acuerdo a las inclemencias del tiempo: <\/strong>la lluvia, la nieve y el hielo pueden reducir la visibilidad y la tracci\u00f3n de las llantas. Los conductores deben reducir la velocidad y tomar otras precauciones necesarias para evitar una colisi\u00f3n cuando conducen en estas condiciones.<\/li>\n<li><strong>Falta de mantenimiento del veh\u00edculo: <\/strong>el mantenimiento adecuado de un veh\u00edculo es crucial para garantizar la seguridad del conductor, los pasajeros y de otras personas que circulen en la carretera. La falta de mantenimiento de las llantas, en los frenos y en otras partes y sistemas cruciales de un autom\u00f3vil, podr\u00eda provocar un accidente devastador.<\/li>\n<li><strong>Carreteras mal hechas o en malas condiciones:<\/strong> las carreteras mal dise\u00f1adas o pobremente mantenidas pueden causar accidentes en el Valle del R\u00edo Grande. Cuando ocurren, la entidad gubernamental responsable de inspeccionar y mantener las carreteras en buenas condiciones podr\u00edan ser llevados a rendir cuentas ante la ley.<\/li>\n<li><strong>Piezas defectuosas en los veh\u00edculos:<\/strong> llantas, frenos, la direcci\u00f3n u otras piezas del veh\u00edculo defectuosamente dise\u00f1adas o fabricadas podr\u00edan causar f\u00e1cilmente un choque grave o catastr\u00f3fico. En estos casos, tanto el fabricante como otras entidades involucradas podr\u00edan ser responsables de compensar a los lesionados en choques causados por estas piezas defectuosas.<\/li>\n<\/ul>\n<h2>\u00bfQu\u00e9 lesiones suelen sufrir las personas en un choque de auto en el Valle del R\u00edo Grande?<\/h2>\n<p>Las lesiones que pueden resultar de un accidente automovil\u00edstico van desde raspaduras y contusiones menores hasta lesiones m\u00e1s graves o incluso potencialmente mortales. Algunas de las lesiones relacionadas con accidentes automovil\u00edsticos m\u00e1s com\u00fanmente reportadas son:<\/p>\n<div class=\"row\">\n<div class=\"col-12 col-lg-6\">\n<ul class=\"icon-list\">\n<li>Latigazo cervical<\/li>\n<li>Huesos rotos o fracturados<\/li>\n<li>Esguinces, torceduras y otras lesiones en los tejidos blandos<\/li>\n<li>Lesiones en la espalda<\/li>\n<li>Da\u00f1o en la columna y la m\u00e9dula espinal, as\u00ed como par\u00e1lisis parcial o total<\/li>\n<\/ul>\n<\/div>\n<div class=\"col-12 col-lg-6\">\n<ul class=\"icon-list\">\n<li>Lesiones cerebrales traum\u00e1ticas (TBI)<\/li>\n<li>Lesiones de \u00f3rganos internos<\/li>\n<li>Adem\u00e1s de las lesiones f\u00edsicas sufridas en un choque, los involucrados pueden sufrir una angustia emocional y mental severa, trastorno de estr\u00e9s postraum\u00e1tico (TEPT) u otro trauma no f\u00edsico.<\/li>\n<\/ul>\n<\/div>\n<\/div>\n","protected":false},"excerpt":{"rendered":"<p>Usted no deber\u00eda tener que pagar de su bolsillo las facturas m\u00e9dicas, las reparaciones de su veh\u00edculo y otros gastos derivados de un percance en caso de haber resultado lesionado en un accidente automovil\u00edstico que fue causado por otra persona. Deje que Richard Gonzales, un&#8230;<\/p>\n","protected":false},"author":7,"featured_media":0,"parent":0,"menu_order":4,"comment_status":"closed","ping_status":"closed","template":"practice-area.php","meta":{"_acf_changed":false,"footnotes":""},"class_list":["post-103","page","type-page","status-publish","hentry"],"acf":[],"yoast_head":"<!-- This site is optimized with the Yoast SEO plugin v27.5 - https:\/\/yoast.com\/product\/yoast-seo-wordpress\/ -->\n<title>Abogado de Accidente de Auto en el Valle del R\u00edo Grande, Texas<\/title>\n<meta name=\"description\" content=\"Si sufri\u00f3 lesiones en un accidente y sabe que merece una compensaci\u00f3n, p\u00f3ngase en contacto con el abogado de accidentes de auto Richard Gonzales hoy mismo.\" \/>\n<meta name=\"robots\" content=\"index, follow, max-snippet:-1, max-image-preview:large, max-video-preview:-1\" \/>\n<link rel=\"canonical\" href=\"https:\/\/www.southtexasinjuryfirm.com\/es\/accidentes-de-auto\/\" \/>\n<meta property=\"og:locale\" content=\"es_ES\" \/>\n<meta property=\"og:type\" content=\"article\" \/>\n<meta property=\"og:title\" content=\"Abogado de Accidente de Auto en el Valle del R\u00edo Grande, Texas\" \/>\n<meta property=\"og:description\" content=\"Si sufri\u00f3 lesiones en un accidente y sabe que merece una compensaci\u00f3n, p\u00f3ngase en contacto con el abogado de accidentes de auto Richard Gonzales hoy mismo.\" \/>\n<meta property=\"og:url\" content=\"https:\/\/www.southtexasinjuryfirm.com\/es\/accidentes-de-auto\/\" \/>\n<meta property=\"og:site_name\" content=\"Oficinas Legales de Richard Gonzales, PC\" \/>\n<meta property=\"article:publisher\" content=\"https:\/\/www.facebook.com\/richgonzaleslaw\/\" \/>\n<meta property=\"article:modified_time\" content=\"2023-08-03T10:39:01+00:00\" \/>\n<meta property=\"og:image\" content=\"https:\/\/www.southtexasinjuryfirm.com\/wp-content\/uploads\/2023\/04\/Legally-reviewed-bio-image-resize.png\" \/>\n\t<meta property=\"og:image:width\" content=\"205\" \/>\n\t<meta property=\"og:image:height\" content=\"205\" \/>\n\t<meta property=\"og:image:type\" content=\"image\/png\" \/>\n<meta name=\"twitter:card\" content=\"summary_large_image\" \/>\n<meta name=\"twitter:label1\" content=\"Tiempo de lectura\" \/>\n\t<meta name=\"twitter:data1\" content=\"5 minutos\" \/>\n<!-- \/ Yoast SEO plugin. -->","yoast_head_json":{"title":"Abogado de Accidente de Auto en el Valle del R\u00edo Grande, Texas","description":"Si sufri\u00f3 lesiones en un accidente y sabe que merece una compensaci\u00f3n, p\u00f3ngase en contacto con el abogado de accidentes de auto Richard Gonzales hoy mismo.","robots":{"index":"index","follow":"follow","max-snippet":"max-snippet:-1","max-image-preview":"max-image-preview:large","max-video-preview":"max-video-preview:-1"},"canonical":"https:\/\/www.southtexasinjuryfirm.com\/es\/accidentes-de-auto\/","og_locale":"es_ES","og_type":"article","og_title":"Abogado de Accidente de Auto en el Valle del R\u00edo Grande, Texas","og_description":"Si sufri\u00f3 lesiones en un accidente y sabe que merece una compensaci\u00f3n, p\u00f3ngase en contacto con el abogado de accidentes de auto Richard Gonzales hoy mismo.","og_url":"https:\/\/www.southtexasinjuryfirm.com\/es\/accidentes-de-auto\/","og_site_name":"Oficinas Legales de Richard Gonzales, PC","article_publisher":"https:\/\/www.facebook.com\/richgonzaleslaw\/","article_modified_time":"2023-08-03T10:39:01+00:00","og_image":[{"width":205,"height":205,"url":"https:\/\/www.southtexasinjuryfirm.com\/wp-content\/uploads\/2023\/04\/Legally-reviewed-bio-image-resize.png","type":"image\/png"}],"twitter_card":"summary_large_image","twitter_misc":{"Tiempo de lectura":"5 minutos"},"schema":{"@context":"https:\/\/schema.org","@graph":[{"@type":"WebPage","@id":"https:\/\/www.southtexasinjuryfirm.com\/es\/accidentes-de-auto\/","url":"https:\/\/www.southtexasinjuryfirm.com\/es\/accidentes-de-auto\/","name":"Abogado de Accidente de Auto en el Valle del R\u00edo Grande, Texas","isPartOf":{"@id":"https:\/\/www.southtexasinjuryfirm.com\/es\/#website"},"datePublished":"2023-07-25T17:23:13+00:00","dateModified":"2023-08-03T10:39:01+00:00","description":"Si sufri\u00f3 lesiones en un accidente y sabe que merece una compensaci\u00f3n, p\u00f3ngase en contacto con el abogado de accidentes de auto Richard Gonzales hoy mismo.","breadcrumb":{"@id":"https:\/\/www.southtexasinjuryfirm.com\/es\/accidentes-de-auto\/#breadcrumb"},"inLanguage":"es","potentialAction":[{"@type":"ReadAction","target":["https:\/\/www.southtexasinjuryfirm.com\/es\/accidentes-de-auto\/"]}]},{"@type":"BreadcrumbList","@id":"https:\/\/www.southtexasinjuryfirm.com\/es\/accidentes-de-auto\/#breadcrumb","itemListElement":[{"@type":"ListItem","position":1,"name":"Inicio","item":"https:\/\/www.southtexasinjuryfirm.com\/es\/"},{"@type":"ListItem","position":2,"name":"Accidentes de Auto"}]},{"@type":"WebSite","@id":"https:\/\/www.southtexasinjuryfirm.com\/es\/#website","url":"https:\/\/www.southtexasinjuryfirm.com\/es\/","name":"Law Office of Richard Gonzales, PC","description":"","publisher":{"@id":"https:\/\/www.southtexasinjuryfirm.com\/es\/#organization"},"potentialAction":[{"@type":"SearchAction","target":{"@type":"EntryPoint","urlTemplate":"https:\/\/www.southtexasinjuryfirm.com\/es\/?s={search_term_string}"},"query-input":{"@type":"PropertyValueSpecification","valueRequired":true,"valueName":"search_term_string"}}],"inLanguage":"es"},{"@type":"Organization","@id":"https:\/\/www.southtexasinjuryfirm.com\/es\/#organization","name":"Law Office of Richard Gonzales, PC","url":"https:\/\/www.southtexasinjuryfirm.com\/es\/","logo":{"@type":"ImageObject","inLanguage":"es","@id":"https:\/\/www.southtexasinjuryfirm.com\/es\/#\/schema\/logo\/image\/","url":"https:\/\/www.southtexasinjuryfirm.com\/wp-content\/uploads\/2023\/05\/Logo-light.png","contentUrl":"https:\/\/www.southtexasinjuryfirm.com\/wp-content\/uploads\/2023\/05\/Logo-light.png","width":328,"height":150,"caption":"Law Office of Richard Gonzales, PC"},"image":{"@id":"https:\/\/www.southtexasinjuryfirm.com\/es\/#\/schema\/logo\/image\/"},"sameAs":["https:\/\/www.facebook.com\/richgonzaleslaw\/","https:\/\/www.youtube.com\/@rgvpeoplesattorney"]}]}},"_links":{"self":[{"href":"https:\/\/www.southtexasinjuryfirm.com\/es\/wp-json\/wp\/v2\/pages\/103","targetHints":{"allow":["GET"]}}],"collection":[{"href":"https:\/\/www.southtexasinjuryfirm.com\/es\/wp-json\/wp\/v2\/pages"}],"about":[{"href":"https:\/\/www.southtexasinjuryfirm.com\/es\/wp-json\/wp\/v2\/types\/page"}],"author":[{"embeddable":true,"href":"https:\/\/www.southtexasinjuryfirm.com\/es\/wp-json\/wp\/v2\/users\/7"}],"replies":[{"embeddable":true,"href":"https:\/\/www.southtexasinjuryfirm.com\/es\/wp-json\/wp\/v2\/comments?post=103"}],"version-history":[{"count":0,"href":"https:\/\/www.southtexasinjuryfirm.com\/es\/wp-json\/wp\/v2\/pages\/103\/revisions"}],"wp:attachment":[{"href":"https:\/\/www.southtexasinjuryfirm.com\/es\/wp-json\/wp\/v2\/media?parent=103"}],"curies":[{"name":"wp","href":"https:\/\/api.w.org\/{rel}","templated":true}]}}