{"id":110,"date":"2023-07-25T17:23:21","date_gmt":"2023-07-25T17:23:21","guid":{"rendered":"https:\/\/www.southtexasinjuryfirm.com\/?page_id=110"},"modified":"2023-08-03T10:48:43","modified_gmt":"2023-08-03T10:48:43","slug":"accidentes-de-camiones","status":"publish","type":"page","link":"https:\/\/www.southtexasinjuryfirm.com\/es\/accidentes-de-camiones\/","title":{"rendered":"Accidentes de Camiones"},"content":{"rendered":"<p>Los accidentes de camiones son colisiones devastadoras. Hay una gran diferencia de tama\u00f1o entre un cami\u00f3n enorme y un veh\u00edculo de pasajeros ordinario. Esto significa que los pasajeros del auto m\u00e1s peque\u00f1o suelen sufrir las peores consecuencias. A menudo, las v\u00edctimas quedan con lesiones graves que afectan su capacidad para ganarse la vida, cuidarse a s\u00ed mismos y disfrutar de la vida como lo hac\u00edan antes. En muchos casos, las facturas m\u00e9dicas por s\u00ed solas pueden ascender a seis cifras, o m\u00e1s.<\/p>\n<p>Si usted o un ser querido result\u00f3 herido en un accidente de cami\u00f3n que caus\u00f3 otra persona, merece una compensaci\u00f3n. El abogado de accidentes de camiones del Valle del R\u00edo Grande, Richard Gonzales, es el abogado de la gente, y lo ayudar\u00e1 a exigir y recuperar sus p\u00e9rdidas financieras.<\/p>\n<p>En las Oficinas Legales de Richard Gonzales, P.C., estamos comprometidos a buscar justicia para los texanos lesionados como usted. Sabemos lo que se necesita para vencer a las grandes empresas de camiones en la mesa de negociaciones y en el tribunal. <a href=\"https:\/\/www.southtexasinjuryfirm.com\/es\/contacto\/\">Cont\u00e1ctenos<\/a> hoy mismo para una consulta legal gratuita y para aprender m\u00e1s sobre c\u00f3mo podemos ayudarlo.<\/p>\n<h2>\u00bfQu\u00e9 se considera un cami\u00f3n en Texas?<\/h2>\n<p>En Texas, el t\u00e9rmino \u201ccami\u00f3n\u201d a menudo se utiliza indistintamente con \u201cveh\u00edculo motorizado comercial\u201d, que el estado lo <a href=\"https:\/\/statutes.capitol.texas.gov\/Docs\/TN\/htm\/TN.502.htm#:~:text=(7)\" target=\"_blank\" rel=\"noopener\">define<\/a> como cualquier veh\u00edculo motorizado que no sea una motocicleta utilizado principalmente para transportar propiedad. Algunos camiones pesan hasta 80,000 libras, alrededor de 20 veces m\u00e1s que el veh\u00edculo de pasajeros promedio. Los tipos de camiones comerciales que se encuentran en Texas incluyen:<\/p>\n<div class=\"row\">\n<div class=\"col-12 col-lg-6\">\n<ul class=\"icon-list\">\n<li>Tanques de petr\u00f3leo<\/li>\n<li>Tanques de gas<\/li>\n<li>Camiones con caja<\/li>\n<li>Camiones semirremolques, tambi\u00e9n llamados camiones de 18 ruedas, big rigs o tractocamiones<\/li>\n<\/ul>\n<\/div>\n<div class=\"col-12 col-lg-6\">\n<ul class=\"icon-list\">\n<li>Camiones de entrega<\/li>\n<li>Camiones refrigerados\/reefer<\/li>\n<li>Camiones de remolque<\/li>\n<li>Camiones de volteo<\/li>\n<\/ul>\n<\/div>\n<\/div>\n<h2>\u00bfCu\u00e1les son los tipos y causas comunes de accidentes de camiones en Texas?<\/h2>\n<p>Seg\u00fan el <a href=\"https:\/\/docs.google.com\/spreadsheets\/d\/e\/2PACX-1vQJHiOKaXrGHo_HGE9bs5bIHQkNQmk-obp5Q0EOBpVWJE_2XNIVT8v6rMTbWjXMk4U460CEWi6i9ZaB\/pubhtml\" target=\"_blank\" rel=\"noopener\">Consejo Nacional de Seguridad<\/a>, casi 650 personas murieron en accidentes de camiones en Texas en un solo a\u00f1o reciente. Muchas de estas colisiones fatales fueron causadas por lo siguiente:<\/p>\n<ul class=\"icon-list\">\n<li><strong>Fatiga del conductor<\/strong> &#8211; Los conductores de camiones trabajan largos turnos y manejan durante per\u00edodos prolongados. Cuando se sienten somnolientos, es m\u00e1s probable que cometan errores que conduzcan a un accidente.<\/li>\n<li><strong>Conducci\u00f3n distra\u00edda<\/strong> &#8211; Las distracciones como enviar mensajes de texto, comer y simplemente so\u00f1ar despierto aumentan las posibilidades de tener un accidente.<\/li>\n<li><strong>Mantenimiento inadecuado<\/strong> &#8211; Los camiones mal mantenidos son m\u00e1s propensos a fallar mec\u00e1nicamente, lo que puede conducir a un accidente.<\/li>\n<li><strong>Sobrecarga o carga inadecuada de los camiones<\/strong> &#8211; Las cargas pesadas pueden hacer que un cami\u00f3n sea inestable y se vuelque, especialmente en curvas cerradas.<\/li>\n<li><strong>Exceso de velocidad <\/strong>&#8211; Los conductores de camiones pueden decidir acelerar debido a los ajustados plazos de entrega o porque intentan recuperar el tiempo perdido. Hacerlo es particularmente peligroso debido al tama\u00f1o y peso del cami\u00f3n y la fuerza extrema que produce en una colisi\u00f3n.<\/li>\n<li><strong>Condiciones meteorol\u00f3gicas adversas<\/strong> &#8211; Las malas condiciones clim\u00e1ticas hacen que las carreteras est\u00e9n resbaladizas y reducen la visibilidad. Estas condiciones dificultan que los conductores de camiones eviten las colisiones.<\/li>\n<li><strong>Defectos del veh\u00edculo<\/strong> &#8211; Los componentes mal dise\u00f1ados o fabricados son m\u00e1s propensos a fallar repentinamente, lo que puede hacer que un conductor de cami\u00f3n pierda el control de su veh\u00edculo.<\/li>\n<li><strong>Condiciones de carretera inseguras<\/strong> &#8211; Las malas condiciones de las carreteras hacen que sea dif\u00edcil para los conductores de camiones mantenerse en su carril y maniobrar sus veh\u00edculos de manera segura.<\/li>\n<\/ul>\n<p>Los tipos comunes de accidentes de camiones incluyen:<\/p>\n<div class=\"row\">\n<div class=\"col-12 col-lg-6\">\n<ul class=\"icon-list\">\n<li>Colisiones frontales<\/li>\n<li>Colisiones traseras<\/li>\n<\/ul>\n<\/div>\n<div class=\"col-12 col-lg-6\">\n<ul class=\"icon-list\">\n<li>Accidentes de vuelco<\/li>\n<li>Accidentes de la parte inferior<\/li>\n<\/ul>\n<\/div>\n<\/div>\n<h2>\u00bfCu\u00e1les son las leyes estatales y federales de camiones?<\/h2>\n<p>La <a href=\"https:\/\/www.fmcsa.dot.gov\/regulations\" target=\"_blank\" rel=\"noopener\">Administraci\u00f3n Federal de Seguridad de Autotransportes (FMCSA)<\/a> estableci\u00f3 regulaciones para empresas de camiones y conductores de camiones que participan en el comercio interestatal. Entre otras cosas, estas regulaciones establecen que:<\/p>\n<ul class=\"icon-list\">\n<li>Las empresas de camiones deben tener una alta cantidad de cobertura de seguro de responsabilidad civil. Para semirremolques, esto comienza en $750,000 por accidente y puede llegar hasta $5 millones, dependiendo del peligro de la carga.<\/li>\n<li>Los conductores de camiones comerciales deben tener al menos 21 a\u00f1os de edad, poseer una licencia de conducir comercial v\u00e1lida y hablar ingl\u00e9s con fluidez.<\/li>\n<li>Un conductor solo puede operar un cami\u00f3n durante 11 horas dentro de una ventana de 14 horas que comienza despu\u00e9s de un descanso de 10 horas.<\/li>\n<li>Un conductor solo puede trabajar 60 horas en un lapso de 7 d\u00edas o 70 horas en un lapso de 8 d\u00edas, dependiendo de que si la empresa opera en una semana laboral de 6 o 7 d\u00edas. El lapso se reinicia despu\u00e9s de que el conductor pasa al menos 34 horas fuera de servicio.<\/li>\n<li>Los camiones solo pueden circular en la carretera despu\u00e9s de que hayan sido declarados seguros por una inspecci\u00f3n anual de la FMCSA.<\/li>\n<li>Las empresas de camiones deben realizar inspecciones y reparaciones rutinarias para mantener la integridad de un cami\u00f3n grande.<\/li>\n<li>Un cami\u00f3n solo puede transportar hasta 20,000 libras por eje, y el peso bruto del cami\u00f3n no debe exceder las 80,000 libras.<\/li>\n<\/ul>\n","protected":false},"excerpt":{"rendered":"<p>Los accidentes de camiones son colisiones devastadoras. Hay una gran diferencia de tama\u00f1o entre un cami\u00f3n enorme y un veh\u00edculo de pasajeros ordinario. Esto significa que los pasajeros del auto m\u00e1s peque\u00f1o suelen sufrir las peores consecuencias. A menudo, las v\u00edctimas quedan con lesiones graves&#8230;<\/p>\n","protected":false},"author":7,"featured_media":0,"parent":0,"menu_order":5,"comment_status":"closed","ping_status":"closed","template":"practice-area.php","meta":{"_acf_changed":false,"footnotes":""},"class_list":["post-110","page","type-page","status-publish","hentry"],"acf":[],"yoast_head":"<!-- This site is optimized with the Yoast SEO plugin v27.5 - https:\/\/yoast.com\/product\/yoast-seo-wordpress\/ -->\n<title>Accidentes de Camiones en el Valle del R\u00edo Grande - Oficinas Legales de Richard Gonzales, P.C.<\/title>\n<meta name=\"description\" content=\"Si sufri\u00f3 lesiones personales por un accidente de camiones provocado por una tercera persona, descubra m\u00e1s informaci\u00f3n en Oficinas Legales de Richard Gonzales, P.C.\" \/>\n<meta name=\"robots\" content=\"index, follow, max-snippet:-1, max-image-preview:large, max-video-preview:-1\" \/>\n<link rel=\"canonical\" href=\"https:\/\/www.southtexasinjuryfirm.com\/es\/accidentes-de-camiones\/\" \/>\n<meta property=\"og:locale\" content=\"es_ES\" \/>\n<meta property=\"og:type\" content=\"article\" \/>\n<meta property=\"og:title\" content=\"Accidentes de Camiones en el Valle del R\u00edo Grande - Oficinas Legales de Richard Gonzales, P.C.\" \/>\n<meta property=\"og:description\" content=\"Si sufri\u00f3 lesiones personales por un accidente de camiones provocado por una tercera persona, descubra m\u00e1s informaci\u00f3n en Oficinas Legales de Richard Gonzales, P.C.\" \/>\n<meta property=\"og:url\" content=\"https:\/\/www.southtexasinjuryfirm.com\/es\/accidentes-de-camiones\/\" \/>\n<meta property=\"og:site_name\" content=\"Oficinas Legales de Richard Gonzales, PC\" \/>\n<meta property=\"article:publisher\" content=\"https:\/\/www.facebook.com\/richgonzaleslaw\/\" \/>\n<meta property=\"article:modified_time\" content=\"2023-08-03T10:48:43+00:00\" \/>\n<meta property=\"og:image\" content=\"https:\/\/www.southtexasinjuryfirm.com\/wp-content\/uploads\/2023\/04\/Legally-reviewed-bio-image-resize.png\" \/>\n\t<meta property=\"og:image:width\" content=\"205\" \/>\n\t<meta property=\"og:image:height\" content=\"205\" \/>\n\t<meta property=\"og:image:type\" content=\"image\/png\" \/>\n<meta name=\"twitter:card\" content=\"summary_large_image\" \/>\n<meta name=\"twitter:label1\" content=\"Tiempo de lectura\" \/>\n\t<meta name=\"twitter:data1\" content=\"4 minutos\" \/>\n<!-- \/ Yoast SEO plugin. -->","yoast_head_json":{"title":"Accidentes de Camiones en el Valle del R\u00edo Grande - Oficinas Legales de Richard Gonzales, P.C.","description":"Si sufri\u00f3 lesiones personales por un accidente de camiones provocado por una tercera persona, descubra m\u00e1s informaci\u00f3n en Oficinas Legales de Richard Gonzales, P.C.","robots":{"index":"index","follow":"follow","max-snippet":"max-snippet:-1","max-image-preview":"max-image-preview:large","max-video-preview":"max-video-preview:-1"},"canonical":"https:\/\/www.southtexasinjuryfirm.com\/es\/accidentes-de-camiones\/","og_locale":"es_ES","og_type":"article","og_title":"Accidentes de Camiones en el Valle del R\u00edo Grande - Oficinas Legales de Richard Gonzales, P.C.","og_description":"Si sufri\u00f3 lesiones personales por un accidente de camiones provocado por una tercera persona, descubra m\u00e1s informaci\u00f3n en Oficinas Legales de Richard Gonzales, P.C.","og_url":"https:\/\/www.southtexasinjuryfirm.com\/es\/accidentes-de-camiones\/","og_site_name":"Oficinas Legales de Richard Gonzales, PC","article_publisher":"https:\/\/www.facebook.com\/richgonzaleslaw\/","article_modified_time":"2023-08-03T10:48:43+00:00","og_image":[{"width":205,"height":205,"url":"https:\/\/www.southtexasinjuryfirm.com\/wp-content\/uploads\/2023\/04\/Legally-reviewed-bio-image-resize.png","type":"image\/png"}],"twitter_card":"summary_large_image","twitter_misc":{"Tiempo de lectura":"4 minutos"},"schema":{"@context":"https:\/\/schema.org","@graph":[{"@type":"WebPage","@id":"https:\/\/www.southtexasinjuryfirm.com\/es\/accidentes-de-camiones\/","url":"https:\/\/www.southtexasinjuryfirm.com\/es\/accidentes-de-camiones\/","name":"Accidentes de Camiones en el Valle del R\u00edo Grande - Oficinas Legales de Richard Gonzales, P.C.","isPartOf":{"@id":"https:\/\/www.southtexasinjuryfirm.com\/es\/#website"},"datePublished":"2023-07-25T17:23:21+00:00","dateModified":"2023-08-03T10:48:43+00:00","description":"Si sufri\u00f3 lesiones personales por un accidente de camiones provocado por una tercera persona, descubra m\u00e1s informaci\u00f3n en Oficinas Legales de Richard Gonzales, P.C.","breadcrumb":{"@id":"https:\/\/www.southtexasinjuryfirm.com\/es\/accidentes-de-camiones\/#breadcrumb"},"inLanguage":"es","potentialAction":[{"@type":"ReadAction","target":["https:\/\/www.southtexasinjuryfirm.com\/es\/accidentes-de-camiones\/"]}]},{"@type":"BreadcrumbList","@id":"https:\/\/www.southtexasinjuryfirm.com\/es\/accidentes-de-camiones\/#breadcrumb","itemListElement":[{"@type":"ListItem","position":1,"name":"Inicio","item":"https:\/\/www.southtexasinjuryfirm.com\/es\/"},{"@type":"ListItem","position":2,"name":"Accidentes de Camiones"}]},{"@type":"WebSite","@id":"https:\/\/www.southtexasinjuryfirm.com\/es\/#website","url":"https:\/\/www.southtexasinjuryfirm.com\/es\/","name":"Law Office of Richard Gonzales, PC","description":"","publisher":{"@id":"https:\/\/www.southtexasinjuryfirm.com\/es\/#organization"},"potentialAction":[{"@type":"SearchAction","target":{"@type":"EntryPoint","urlTemplate":"https:\/\/www.southtexasinjuryfirm.com\/es\/?s={search_term_string}"},"query-input":{"@type":"PropertyValueSpecification","valueRequired":true,"valueName":"search_term_string"}}],"inLanguage":"es"},{"@type":"Organization","@id":"https:\/\/www.southtexasinjuryfirm.com\/es\/#organization","name":"Law Office of Richard Gonzales, PC","url":"https:\/\/www.southtexasinjuryfirm.com\/es\/","logo":{"@type":"ImageObject","inLanguage":"es","@id":"https:\/\/www.southtexasinjuryfirm.com\/es\/#\/schema\/logo\/image\/","url":"https:\/\/www.southtexasinjuryfirm.com\/wp-content\/uploads\/2023\/05\/Logo-light.png","contentUrl":"https:\/\/www.southtexasinjuryfirm.com\/wp-content\/uploads\/2023\/05\/Logo-light.png","width":328,"height":150,"caption":"Law Office of Richard Gonzales, PC"},"image":{"@id":"https:\/\/www.southtexasinjuryfirm.com\/es\/#\/schema\/logo\/image\/"},"sameAs":["https:\/\/www.facebook.com\/richgonzaleslaw\/","https:\/\/www.youtube.com\/@rgvpeoplesattorney"]}]}},"_links":{"self":[{"href":"https:\/\/www.southtexasinjuryfirm.com\/es\/wp-json\/wp\/v2\/pages\/110","targetHints":{"allow":["GET"]}}],"collection":[{"href":"https:\/\/www.southtexasinjuryfirm.com\/es\/wp-json\/wp\/v2\/pages"}],"about":[{"href":"https:\/\/www.southtexasinjuryfirm.com\/es\/wp-json\/wp\/v2\/types\/page"}],"author":[{"embeddable":true,"href":"https:\/\/www.southtexasinjuryfirm.com\/es\/wp-json\/wp\/v2\/users\/7"}],"replies":[{"embeddable":true,"href":"https:\/\/www.southtexasinjuryfirm.com\/es\/wp-json\/wp\/v2\/comments?post=110"}],"version-history":[{"count":0,"href":"https:\/\/www.southtexasinjuryfirm.com\/es\/wp-json\/wp\/v2\/pages\/110\/revisions"}],"wp:attachment":[{"href":"https:\/\/www.southtexasinjuryfirm.com\/es\/wp-json\/wp\/v2\/media?parent=110"}],"curies":[{"name":"wp","href":"https:\/\/api.w.org\/{rel}","templated":true}]}}