{"id":117,"date":"2023-07-25T17:23:31","date_gmt":"2023-07-25T17:23:31","guid":{"rendered":"https:\/\/www.southtexasinjuryfirm.com\/?page_id=117"},"modified":"2023-05-24T20:38:25","modified_gmt":"2023-05-24T20:38:25","slug":"abogado-de-lesiones-personales-valle-del-rio-grande","status":"publish","type":"page","link":"https:\/\/www.southtexasinjuryfirm.com\/es\/abogado-de-lesiones-personales-valle-del-rio-grande\/","title":{"rendered":"Lesiones en el Lugar de Trabajo"},"content":{"rendered":"<p>En Texas, los accidentes laborales ocurren con una frecuencia alarmante, dejando a numerosos ciudadanos trabajadores con lesiones dolorosas, facturas m\u00e9dicas costosas y estr\u00e9s financiero debido al tiempo de trabajo perdido.<\/p>\n<p>En consecuencia, los trabajadores lesionados se ven en la necesidad de luchar para obtener el dinero necesario para cubrir sus gastos y proveer para sus familias.<\/p>\n<p>Si sufri\u00f3 una o varias lesiones laborales en Texas, dentro del \u00e1rea del Valle del R\u00edo Grande, Richard Gonzales, el abogado de la gente, puede revisar su situaci\u00f3n, determinar sus opciones para recibir una compensaci\u00f3n y presentar una demanda en su nombre.<\/p>\n<p>Richard cuenta con varios a\u00f1os de experiencia manejando casos de lesiones laborales en Texas. \u00c9l puede encargarse de todos los asuntos y trabajos legales, brind\u00e1ndole el tiempo y el espacio que necesita durante este momento dif\u00edcil. Adem\u00e1s, usted no pagar\u00e1 nada a menos que ganemos su caso.<\/p>\n<p>Llame a las Oficinas Legales de Richard Gonzales, P.C., hoy, o visite nuestra p\u00e1gina de contacto para agendar una consulta gratuita. Descubra lo que un abogado de lesiones laborales del Valle del R\u00edo Grande, Texas, puede hacer por usted.<\/p>\n<h2>\u00bfPuedo demandar a mi empleador por una lesi\u00f3n laboral?<\/h2>\n<p>Si su empleador le brinda un seguro de compensaci\u00f3n laboral, es posible que usted no pueda demandarlo. Esto se debe a que, se supone, este seguro de compensaci\u00f3n es el \u00fanico remedio para recuperar dinero en caso de que los empleados sufran una lesi\u00f3n en el trabajo que no sea causada por alguien fuera de su cadena de empleo. Sin embargo, aquellos empleados cubiertos por el seguro de compensaci\u00f3n laboral no tienen que probar que alguien m\u00e1s tuvo la culpa de sus lesiones para recibir los beneficios marcados.<\/p>\n<p>Sin embargo, existen algunas circunstancias en las que un empleado lesionado en Texas puede demandar a su empleador. Texas es el \u00fanico estado que no requiere que ning\u00fan empleador privado ofrezca un seguro de compensaci\u00f3n laboral. Si su empleador no brinda una cobertura de compensaci\u00f3n laboral, usted puede demandarlo en caso de que \u00e9l tuviera la culpa de sus lesiones.<\/p>\n<h2>\u00bfCu\u00e1l es la diferencia entre una compensaci\u00f3n laboral y un reclamo de terceros?<\/h2>\n<p>En un reclamo de compensaci\u00f3n laboral, existen, efectivamente, dos partes: usted y su empleador. Es probable que usted no pueda demandarlo si este proporciona un seguro de compensaci\u00f3n laboral. Sin embargo, la protecci\u00f3n contra litigios de su empleador no se extiende a terceros fuera de su cadena de empleo.<\/p>\n<p>Existen varias diferencias cruciales entre un reclamo de compensaci\u00f3n laboral y un reclamo por lesiones personales de terceros. Por ejemplo, el dinero que usted podr\u00eda recibir a trav\u00e9s de un reclamo de compensaci\u00f3n laboral cubre un conjunto m\u00e1s limitado de p\u00e9rdidas que una demanda. Si su empleador acepta su reclamo de compensaci\u00f3n laboral, su aseguradora se har\u00e1 cargo de todas sus facturas m\u00e9dicas y de una parte de sus salarios atrasados. As\u00ed mismo, usted\u00a0 podr\u00eda calificar para obtener beneficios por incapacidad permanente, dependiendo de los efectos a largo plazo de su lesi\u00f3n.<\/p>\n<p>Por el contrario, un reclamo por lesiones personales le permite buscar dinero para compensar:<\/p>\n<div class=\"row\">\n<div class=\"col-12 col-lg-6\">\n<ul class=\"icon-list\">\n<li>El monto total de sus salarios perdidos.<\/li>\n<li>Cualquier reducci\u00f3n en sus ingresos futuros que sea consecuencia de una lesi\u00f3n o enfermedad relacionada con el trabajo.<\/li>\n<li>Cualquier factura m\u00e9dica relacionada con su lesi\u00f3n.<\/li>\n<\/ul>\n<\/div>\n<div class=\"col-12 col-lg-6\">\n<ul class=\"icon-list\">\n<li>Dolor f\u00edsico.<\/li>\n<li>Angustia emocional.<\/li>\n<li>Una disminuci\u00f3n de su calidad de vida debido a una lesi\u00f3n o a una discapacidad a largo plazo.<\/li>\n<li>Cualquier propiedad personal da\u00f1ada en el accidente.<\/li>\n<\/ul>\n<\/div>\n<\/div>\n<p>Adem\u00e1s, usted podr\u00eda presentar un reclamo de terceros en contra de distintas partes como:<\/p>\n<div class=\"row\">\n<div class=\"col-12 col-lg-6\">\n<ul class=\"icon-list\">\n<li>Proveedores y contratistas externos.<\/li>\n<li>Fabricantes o dise\u00f1adores de equipos que utiliza para realizar su trabajo y que resultaron defectuosos.<\/li>\n<\/ul>\n<\/div>\n<div class=\"col-12 col-lg-6\">\n<ul class=\"icon-list\">\n<li>El propietario del sitio de construcci\u00f3n u otra propiedad en la que sufri\u00f3 su lesi\u00f3n.<\/li>\n<li>A alguien m\u00e1s a quien se le pueda culpar por sus lesiones.<\/li>\n<\/ul>\n<\/div>\n<\/div>\n<p>La \u00faltima diferencia entre un reclamo de compensaci\u00f3n laboral y un caso de lesiones personales, es que un caso de lesiones personales requiere que usted demuestre c\u00f3mo fue que la otra parte caus\u00f3 su lesi\u00f3n. Los beneficios de compensaci\u00f3n laboral no se basan en la culpa; con solo unas pocas excepciones, usted tendr\u00eda derecho a recibir ciertos beneficios siempre que se haya lesionado en el trabajo. Un reclamo por lesiones personales, por otro lado, requiere que demuestre que alguien caus\u00f3 su lesi\u00f3n, generalmente a trav\u00e9s de actos negligentes o intencionales.<\/p>\n<h2>\u00bfPuedo presentar un reclamo de terceros mientras recibo compensaci\u00f3n laboral?<\/h2>\n<p>S\u00ed, usted puede cobrar los beneficios de una compensaci\u00f3n laboral y tambi\u00e9n presentar un reclamo por lesiones personales de terceros en contra de la persona culpable de sus lesiones, siempre que esta no sea su empleador o un compa\u00f1ero de trabajo. Sin embargo, si su reclamo de terceros resulta favorable y usted recupera dinero para compensar sus gastos m\u00e9dicos y salarios perdidos, es posible que deba reembolsar a la aseguradora el dinero que gast\u00f3 para cubrir esas p\u00e9rdidas.<\/p>\n","protected":false},"excerpt":{"rendered":"<p>En Texas, los accidentes laborales ocurren con una frecuencia alarmante, dejando a numerosos ciudadanos trabajadores con lesiones dolorosas, facturas m\u00e9dicas costosas y estr\u00e9s financiero debido al tiempo de trabajo perdido. En consecuencia, los trabajadores lesionados se ven en la necesidad de luchar para obtener el&#8230;<\/p>\n","protected":false},"author":7,"featured_media":0,"parent":0,"menu_order":6,"comment_status":"closed","ping_status":"closed","template":"practice-area.php","meta":{"_acf_changed":false,"footnotes":""},"class_list":["post-117","page","type-page","status-publish","hentry"],"acf":[],"yoast_head":"<!-- This site is optimized with the Yoast SEO plugin v27.5 - https:\/\/yoast.com\/product\/yoast-seo-wordpress\/ -->\n<title>Abogado de Lesiones Laborales del Valle del R\u00edo Grande, Texas<\/title>\n<meta name=\"description\" content=\"Si sufri\u00f3 lesiones laborales en Texas, en el \u00e1rea del Valle del R\u00edo Grande, Richard Gonzales puede revisar su situaci\u00f3n y presentar una demanda en su nombre.\" \/>\n<meta name=\"robots\" content=\"index, follow, max-snippet:-1, max-image-preview:large, max-video-preview:-1\" \/>\n<link rel=\"canonical\" href=\"https:\/\/www.southtexasinjuryfirm.com\/es\/abogado-de-lesiones-personales-valle-del-rio-grande\/\" \/>\n<meta property=\"og:locale\" content=\"es_ES\" \/>\n<meta property=\"og:type\" content=\"article\" \/>\n<meta property=\"og:title\" content=\"Abogado de Lesiones Laborales del Valle del R\u00edo Grande, Texas\" \/>\n<meta property=\"og:description\" content=\"Si sufri\u00f3 lesiones laborales en Texas, en el \u00e1rea del Valle del R\u00edo Grande, Richard Gonzales puede revisar su situaci\u00f3n y presentar una demanda en su nombre.\" \/>\n<meta property=\"og:url\" content=\"https:\/\/www.southtexasinjuryfirm.com\/es\/abogado-de-lesiones-personales-valle-del-rio-grande\/\" \/>\n<meta property=\"og:site_name\" content=\"Oficinas Legales de Richard Gonzales, PC\" \/>\n<meta property=\"article:publisher\" content=\"https:\/\/www.facebook.com\/richgonzaleslaw\/\" \/>\n<meta property=\"og:image\" content=\"https:\/\/www.southtexasinjuryfirm.com\/wp-content\/uploads\/2023\/04\/Legally-reviewed-bio-image-resize.png\" \/>\n\t<meta property=\"og:image:width\" content=\"205\" \/>\n\t<meta property=\"og:image:height\" content=\"205\" \/>\n\t<meta property=\"og:image:type\" content=\"image\/png\" \/>\n<meta name=\"twitter:card\" content=\"summary_large_image\" \/>\n<meta name=\"twitter:label1\" content=\"Tiempo de lectura\" \/>\n\t<meta name=\"twitter:data1\" content=\"4 minutos\" \/>\n<!-- \/ Yoast SEO plugin. -->","yoast_head_json":{"title":"Abogado de Lesiones Laborales del Valle del R\u00edo Grande, Texas","description":"Si sufri\u00f3 lesiones laborales en Texas, en el \u00e1rea del Valle del R\u00edo Grande, Richard Gonzales puede revisar su situaci\u00f3n y presentar una demanda en su nombre.","robots":{"index":"index","follow":"follow","max-snippet":"max-snippet:-1","max-image-preview":"max-image-preview:large","max-video-preview":"max-video-preview:-1"},"canonical":"https:\/\/www.southtexasinjuryfirm.com\/es\/abogado-de-lesiones-personales-valle-del-rio-grande\/","og_locale":"es_ES","og_type":"article","og_title":"Abogado de Lesiones Laborales del Valle del R\u00edo Grande, Texas","og_description":"Si sufri\u00f3 lesiones laborales en Texas, en el \u00e1rea del Valle del R\u00edo Grande, Richard Gonzales puede revisar su situaci\u00f3n y presentar una demanda en su nombre.","og_url":"https:\/\/www.southtexasinjuryfirm.com\/es\/abogado-de-lesiones-personales-valle-del-rio-grande\/","og_site_name":"Oficinas Legales de Richard Gonzales, PC","article_publisher":"https:\/\/www.facebook.com\/richgonzaleslaw\/","og_image":[{"width":205,"height":205,"url":"https:\/\/www.southtexasinjuryfirm.com\/wp-content\/uploads\/2023\/04\/Legally-reviewed-bio-image-resize.png","type":"image\/png"}],"twitter_card":"summary_large_image","twitter_misc":{"Tiempo de lectura":"4 minutos"},"schema":{"@context":"https:\/\/schema.org","@graph":[{"@type":"WebPage","@id":"https:\/\/www.southtexasinjuryfirm.com\/es\/abogado-de-lesiones-personales-valle-del-rio-grande\/","url":"https:\/\/www.southtexasinjuryfirm.com\/es\/abogado-de-lesiones-personales-valle-del-rio-grande\/","name":"Abogado de Lesiones Laborales del Valle del R\u00edo Grande, Texas","isPartOf":{"@id":"https:\/\/www.southtexasinjuryfirm.com\/es\/#website"},"datePublished":"2023-07-25T17:23:31+00:00","description":"Si sufri\u00f3 lesiones laborales en Texas, en el \u00e1rea del Valle del R\u00edo Grande, Richard Gonzales puede revisar su situaci\u00f3n y presentar una demanda en su nombre.","breadcrumb":{"@id":"https:\/\/www.southtexasinjuryfirm.com\/es\/abogado-de-lesiones-personales-valle-del-rio-grande\/#breadcrumb"},"inLanguage":"es","potentialAction":[{"@type":"ReadAction","target":["https:\/\/www.southtexasinjuryfirm.com\/es\/abogado-de-lesiones-personales-valle-del-rio-grande\/"]}]},{"@type":"BreadcrumbList","@id":"https:\/\/www.southtexasinjuryfirm.com\/es\/abogado-de-lesiones-personales-valle-del-rio-grande\/#breadcrumb","itemListElement":[{"@type":"ListItem","position":1,"name":"Inicio","item":"https:\/\/www.southtexasinjuryfirm.com\/es\/"},{"@type":"ListItem","position":2,"name":"Lesiones en el Lugar de Trabajo"}]},{"@type":"WebSite","@id":"https:\/\/www.southtexasinjuryfirm.com\/es\/#website","url":"https:\/\/www.southtexasinjuryfirm.com\/es\/","name":"Law Office of Richard Gonzales, PC","description":"","publisher":{"@id":"https:\/\/www.southtexasinjuryfirm.com\/es\/#organization"},"potentialAction":[{"@type":"SearchAction","target":{"@type":"EntryPoint","urlTemplate":"https:\/\/www.southtexasinjuryfirm.com\/es\/?s={search_term_string}"},"query-input":{"@type":"PropertyValueSpecification","valueRequired":true,"valueName":"search_term_string"}}],"inLanguage":"es"},{"@type":"Organization","@id":"https:\/\/www.southtexasinjuryfirm.com\/es\/#organization","name":"Law Office of Richard Gonzales, PC","url":"https:\/\/www.southtexasinjuryfirm.com\/es\/","logo":{"@type":"ImageObject","inLanguage":"es","@id":"https:\/\/www.southtexasinjuryfirm.com\/es\/#\/schema\/logo\/image\/","url":"https:\/\/www.southtexasinjuryfirm.com\/wp-content\/uploads\/2023\/05\/Logo-light.png","contentUrl":"https:\/\/www.southtexasinjuryfirm.com\/wp-content\/uploads\/2023\/05\/Logo-light.png","width":328,"height":150,"caption":"Law Office of Richard Gonzales, PC"},"image":{"@id":"https:\/\/www.southtexasinjuryfirm.com\/es\/#\/schema\/logo\/image\/"},"sameAs":["https:\/\/www.facebook.com\/richgonzaleslaw\/","https:\/\/www.youtube.com\/@rgvpeoplesattorney"]}]}},"_links":{"self":[{"href":"https:\/\/www.southtexasinjuryfirm.com\/es\/wp-json\/wp\/v2\/pages\/117","targetHints":{"allow":["GET"]}}],"collection":[{"href":"https:\/\/www.southtexasinjuryfirm.com\/es\/wp-json\/wp\/v2\/pages"}],"about":[{"href":"https:\/\/www.southtexasinjuryfirm.com\/es\/wp-json\/wp\/v2\/types\/page"}],"author":[{"embeddable":true,"href":"https:\/\/www.southtexasinjuryfirm.com\/es\/wp-json\/wp\/v2\/users\/7"}],"replies":[{"embeddable":true,"href":"https:\/\/www.southtexasinjuryfirm.com\/es\/wp-json\/wp\/v2\/comments?post=117"}],"version-history":[{"count":0,"href":"https:\/\/www.southtexasinjuryfirm.com\/es\/wp-json\/wp\/v2\/pages\/117\/revisions"}],"wp:attachment":[{"href":"https:\/\/www.southtexasinjuryfirm.com\/es\/wp-json\/wp\/v2\/media?parent=117"}],"curies":[{"name":"wp","href":"https:\/\/api.w.org\/{rel}","templated":true}]}}