{"id":124,"date":"2023-07-25T17:24:08","date_gmt":"2023-07-25T17:24:08","guid":{"rendered":"https:\/\/www.southtexasinjuryfirm.com\/?page_id=124"},"modified":"2023-05-29T07:31:27","modified_gmt":"2023-05-29T07:31:27","slug":"contacto","status":"publish","type":"page","link":"https:\/\/www.southtexasinjuryfirm.com\/es\/contacto\/","title":{"rendered":"Cont\u00e1ctenos"},"content":{"rendered":"<p>Si usted o un ser querido ha sido seriamente herido sin tener la culpa, necesita respuestas. La mejor manera de averiguar c\u00f3mo proceder ante una demanda por da\u00f1os financieros es contactar a Richard Gonzales lo antes posible.<\/p>\n<p>Ya sea que haya sufrido lesiones en una plataforma petrolera o en un accidente en el lugar de trabajo, un choque de camiones comerciales o un accidente de auto, nuestros abogados del Valle del R\u00edo Grande est\u00e1n aqu\u00ed para ayudarle. Revisaremos su caso, presentaremos sus opciones legales y le brindaremos el mejor asesoramiento.<\/p>\n<p>Richard Gonzales es el abogado de la gente. Es profesional, compasivo y experimentado, y lo tratar\u00e1 como a un miembro de su familia mientras lucha por la compensaci\u00f3n y la justicia que merece. No paga nada hasta que Richard gane su caso.<\/p>\n<p>Para obtener m\u00e1s informaci\u00f3n o programar una consulta GRATUITA, sin riesgos ni obligaciones, cont\u00e1ctenos por tel\u00e9fono o en l\u00ednea completando el formulario proporcionado.<\/p>\n","protected":false},"excerpt":{"rendered":"<p>Si usted o un ser querido ha sido seriamente herido sin tener la culpa, necesita respuestas. La mejor manera de averiguar c\u00f3mo proceder ante una demanda por da\u00f1os financieros es contactar a Richard Gonzales lo antes posible. Ya sea que haya sufrido lesiones en una&#8230;<\/p>\n","protected":false},"author":7,"featured_media":0,"parent":0,"menu_order":8,"comment_status":"closed","ping_status":"closed","template":"contact.php","meta":{"_acf_changed":false,"footnotes":""},"class_list":["post-124","page","type-page","status-publish","hentry"],"acf":[],"yoast_head":"<!-- This site is optimized with the Yoast SEO plugin v27.5 - https:\/\/yoast.com\/product\/yoast-seo-wordpress\/ -->\n<title>Contacte al abogado de la gente - Oficinas Legales de Richard Gonzales, P.C.<\/title>\n<meta name=\"description\" content=\"Richard Gonzales es su mejor aliado para encontrar la compensaci\u00f3n por sus lesiones personales que usted se merece.\" \/>\n<meta name=\"robots\" content=\"index, follow, max-snippet:-1, max-image-preview:large, max-video-preview:-1\" \/>\n<link rel=\"canonical\" href=\"https:\/\/www.southtexasinjuryfirm.com\/es\/contacto\/\" \/>\n<meta property=\"og:locale\" content=\"es_ES\" \/>\n<meta property=\"og:type\" content=\"article\" \/>\n<meta property=\"og:title\" content=\"Contacte al abogado de la gente - Oficinas Legales de Richard Gonzales, P.C.\" \/>\n<meta property=\"og:description\" content=\"Richard Gonzales es su mejor aliado para encontrar la compensaci\u00f3n por sus lesiones personales que usted se merece.\" \/>\n<meta property=\"og:url\" content=\"https:\/\/www.southtexasinjuryfirm.com\/es\/contacto\/\" \/>\n<meta property=\"og:site_name\" content=\"Oficinas Legales de Richard Gonzales, PC\" \/>\n<meta property=\"article:publisher\" content=\"https:\/\/www.facebook.com\/richgonzaleslaw\/\" \/>\n<meta property=\"og:image\" content=\"https:\/\/www.southtexasinjuryfirm.com\/wp-content\/uploads\/2023\/04\/Legally-reviewed-bio-image-resize.png\" \/>\n\t<meta property=\"og:image:width\" content=\"205\" \/>\n\t<meta property=\"og:image:height\" content=\"205\" \/>\n\t<meta property=\"og:image:type\" content=\"image\/png\" \/>\n<meta name=\"twitter:card\" content=\"summary_large_image\" \/>\n<meta name=\"twitter:label1\" content=\"Tiempo de lectura\" \/>\n\t<meta name=\"twitter:data1\" content=\"1 minuto\" \/>\n<!-- \/ Yoast SEO plugin. -->","yoast_head_json":{"title":"Contacte al abogado de la gente - Oficinas Legales de Richard Gonzales, P.C.","description":"Richard Gonzales es su mejor aliado para encontrar la compensaci\u00f3n por sus lesiones personales que usted se merece.","robots":{"index":"index","follow":"follow","max-snippet":"max-snippet:-1","max-image-preview":"max-image-preview:large","max-video-preview":"max-video-preview:-1"},"canonical":"https:\/\/www.southtexasinjuryfirm.com\/es\/contacto\/","og_locale":"es_ES","og_type":"article","og_title":"Contacte al abogado de la gente - Oficinas Legales de Richard Gonzales, P.C.","og_description":"Richard Gonzales es su mejor aliado para encontrar la compensaci\u00f3n por sus lesiones personales que usted se merece.","og_url":"https:\/\/www.southtexasinjuryfirm.com\/es\/contacto\/","og_site_name":"Oficinas Legales de Richard Gonzales, PC","article_publisher":"https:\/\/www.facebook.com\/richgonzaleslaw\/","og_image":[{"width":205,"height":205,"url":"https:\/\/www.southtexasinjuryfirm.com\/wp-content\/uploads\/2023\/04\/Legally-reviewed-bio-image-resize.png","type":"image\/png"}],"twitter_card":"summary_large_image","twitter_misc":{"Tiempo de lectura":"1 minuto"},"schema":{"@context":"https:\/\/schema.org","@graph":[{"@type":"WebPage","@id":"https:\/\/www.southtexasinjuryfirm.com\/es\/contacto\/","url":"https:\/\/www.southtexasinjuryfirm.com\/es\/contacto\/","name":"Contacte al abogado de la gente - Oficinas Legales de Richard Gonzales, P.C.","isPartOf":{"@id":"https:\/\/www.southtexasinjuryfirm.com\/es\/#website"},"datePublished":"2023-07-25T17:24:08+00:00","description":"Richard Gonzales es su mejor aliado para encontrar la compensaci\u00f3n por sus lesiones personales que usted se merece.","breadcrumb":{"@id":"https:\/\/www.southtexasinjuryfirm.com\/es\/contacto\/#breadcrumb"},"inLanguage":"es","potentialAction":[{"@type":"ReadAction","target":["https:\/\/www.southtexasinjuryfirm.com\/es\/contacto\/"]}]},{"@type":"BreadcrumbList","@id":"https:\/\/www.southtexasinjuryfirm.com\/es\/contacto\/#breadcrumb","itemListElement":[{"@type":"ListItem","position":1,"name":"Inicio","item":"https:\/\/www.southtexasinjuryfirm.com\/es\/"},{"@type":"ListItem","position":2,"name":"Cont\u00e1ctenos"}]},{"@type":"WebSite","@id":"https:\/\/www.southtexasinjuryfirm.com\/es\/#website","url":"https:\/\/www.southtexasinjuryfirm.com\/es\/","name":"Law Office of Richard Gonzales, PC","description":"","publisher":{"@id":"https:\/\/www.southtexasinjuryfirm.com\/es\/#organization"},"potentialAction":[{"@type":"SearchAction","target":{"@type":"EntryPoint","urlTemplate":"https:\/\/www.southtexasinjuryfirm.com\/es\/?s={search_term_string}"},"query-input":{"@type":"PropertyValueSpecification","valueRequired":true,"valueName":"search_term_string"}}],"inLanguage":"es"},{"@type":"Organization","@id":"https:\/\/www.southtexasinjuryfirm.com\/es\/#organization","name":"Law Office of Richard Gonzales, PC","url":"https:\/\/www.southtexasinjuryfirm.com\/es\/","logo":{"@type":"ImageObject","inLanguage":"es","@id":"https:\/\/www.southtexasinjuryfirm.com\/es\/#\/schema\/logo\/image\/","url":"https:\/\/www.southtexasinjuryfirm.com\/wp-content\/uploads\/2023\/05\/Logo-light.png","contentUrl":"https:\/\/www.southtexasinjuryfirm.com\/wp-content\/uploads\/2023\/05\/Logo-light.png","width":328,"height":150,"caption":"Law Office of Richard Gonzales, PC"},"image":{"@id":"https:\/\/www.southtexasinjuryfirm.com\/es\/#\/schema\/logo\/image\/"},"sameAs":["https:\/\/www.facebook.com\/richgonzaleslaw\/","https:\/\/www.youtube.com\/@rgvpeoplesattorney"]}]}},"_links":{"self":[{"href":"https:\/\/www.southtexasinjuryfirm.com\/es\/wp-json\/wp\/v2\/pages\/124","targetHints":{"allow":["GET"]}}],"collection":[{"href":"https:\/\/www.southtexasinjuryfirm.com\/es\/wp-json\/wp\/v2\/pages"}],"about":[{"href":"https:\/\/www.southtexasinjuryfirm.com\/es\/wp-json\/wp\/v2\/types\/page"}],"author":[{"embeddable":true,"href":"https:\/\/www.southtexasinjuryfirm.com\/es\/wp-json\/wp\/v2\/users\/7"}],"replies":[{"embeddable":true,"href":"https:\/\/www.southtexasinjuryfirm.com\/es\/wp-json\/wp\/v2\/comments?post=124"}],"version-history":[{"count":0,"href":"https:\/\/www.southtexasinjuryfirm.com\/es\/wp-json\/wp\/v2\/pages\/124\/revisions"}],"wp:attachment":[{"href":"https:\/\/www.southtexasinjuryfirm.com\/es\/wp-json\/wp\/v2\/media?parent=124"}],"curies":[{"name":"wp","href":"https:\/\/api.w.org\/{rel}","templated":true}]}}