{"id":88,"date":"2023-04-19T21:45:47","date_gmt":"2023-04-19T21:45:47","guid":{"rendered":"https:\/\/www.southtexasinjuryfirm.com\/?page_id=88"},"modified":"2023-08-22T14:54:23","modified_gmt":"2023-08-22T14:54:23","slug":"home","status":"publish","type":"page","link":"https:\/\/www.southtexasinjuryfirm.com\/es\/","title":{"rendered":"Inicio"},"content":{"rendered":"<p>Miles de personas en el \u00e1rea del Valle del Rio Grande sufren lesiones considerables, e incluso fatales, en accidentes de auto, de camiones y motocicletas. M\u00e1s all\u00e1 de las carreteras, los peatones y los consumidores est\u00e1n involucrados en accidentes como resbalones y ca\u00eddas, peligros en el lugar de trabajo y peligros a la propiedad. La mayor\u00eda de las veces, estos incidentes podr\u00edan haberse evitado. Pero debido a que alguien estaba siendo descuidado o negligente, su descuido por la seguridad caus\u00f3 lesiones innecesarias que alteraron la vida, o incluso la muerte.<\/p>\n<p>En las Oficinas Legales de Richard Gonzales, P.C., nuestro \u00fanico objetivo es luchar por las v\u00edctimas de accidentes como usted. Nuestros abogados de lesiones personales y accidentes automovil\u00edsticos en el Valle del Rio Grande se aseguran de atender sus necesidades y brindarle las respuestas a sus preguntas m\u00e1s importantes. Cuando venga con nosotros, nos tomaremos el tiempo para conocerle. De esta manera, entenderemos cu\u00e1nto se ha visto afectada su vida por su accidente. Desde el principio, comenzamos a preparar su caso para el juicio; de esta manera, las aseguradoras saben que hablamos en serio y no se conformar\u00e1n con menos que una compensaci\u00f3n completa y justa.<\/p>\n<p>Comun\u00edquese hoy con nuestros abogados de accidentes de auto y lesiones personales en el Valle del Rio Grande. Estamos listos para luchar por la compensaci\u00f3n que necesita para seguir adelante con su vida.<\/p>\n","protected":false},"excerpt":{"rendered":"<p>Miles de personas en el \u00e1rea del Valle del Rio Grande sufren lesiones considerables, e incluso fatales, en accidentes de auto, de camiones y motocicletas. M\u00e1s all\u00e1 de las carreteras, los peatones y los consumidores est\u00e1n involucrados en accidentes como resbalones y ca\u00eddas, peligros en&#8230;<\/p>\n","protected":false},"author":7,"featured_media":5674,"parent":0,"menu_order":2,"comment_status":"closed","ping_status":"closed","template":"","meta":{"_acf_changed":false,"footnotes":""},"class_list":["post-88","page","type-page","status-publish","has-post-thumbnail","hentry"],"acf":[],"yoast_head":"<!-- This site is optimized with the Yoast SEO plugin v27.5 - https:\/\/yoast.com\/product\/yoast-seo-wordpress\/ -->\n<title>Abogado de lesiones personales y accidentes de auto en el Valle del R\u00edo Grande<\/title>\n<meta name=\"description\" content=\"Nuestros abogados de accidentes de auto y lesiones personales en el Valle del R\u00edo Grande pueden luchar por la compensaci\u00f3n que necesita.\" \/>\n<meta name=\"robots\" content=\"index, follow, max-snippet:-1, max-image-preview:large, max-video-preview:-1\" \/>\n<link rel=\"canonical\" href=\"https:\/\/www.southtexasinjuryfirm.com\/es\/\" \/>\n<meta property=\"og:locale\" content=\"es_ES\" \/>\n<meta property=\"og:type\" content=\"article\" \/>\n<meta property=\"og:title\" content=\"Abogado de lesiones personales y accidentes de auto en el Valle del R\u00edo Grande\" \/>\n<meta property=\"og:description\" content=\"Nuestros abogados de accidentes de auto y lesiones personales en el Valle del R\u00edo Grande pueden luchar por la compensaci\u00f3n que necesita.\" \/>\n<meta property=\"og:url\" content=\"https:\/\/www.southtexasinjuryfirm.com\/es\/\" \/>\n<meta property=\"og:site_name\" content=\"Oficinas Legales de Richard Gonzales, PC\" \/>\n<meta property=\"article:publisher\" content=\"https:\/\/www.facebook.com\/richgonzaleslaw\/\" \/>\n<meta property=\"article:modified_time\" content=\"2023-08-22T14:54:23+00:00\" \/>\n<meta property=\"og:image\" content=\"https:\/\/www.southtexasinjuryfirm.com\/wp-content\/uploads\/2023\/04\/intro-image.jpg\" \/>\n\t<meta property=\"og:image:width\" content=\"690\" \/>\n\t<meta property=\"og:image:height\" content=\"507\" \/>\n\t<meta property=\"og:image:type\" content=\"image\/jpeg\" \/>\n<meta name=\"twitter:card\" content=\"summary_large_image\" \/>\n<meta name=\"twitter:label1\" content=\"Tiempo de lectura\" \/>\n\t<meta name=\"twitter:data1\" content=\"2 minutos\" \/>\n<!-- \/ Yoast SEO plugin. -->","yoast_head_json":{"title":"Abogado de lesiones personales y accidentes de auto en el Valle del R\u00edo Grande","description":"Nuestros abogados de accidentes de auto y lesiones personales en el Valle del R\u00edo Grande pueden luchar por la compensaci\u00f3n que necesita.","robots":{"index":"index","follow":"follow","max-snippet":"max-snippet:-1","max-image-preview":"max-image-preview:large","max-video-preview":"max-video-preview:-1"},"canonical":"https:\/\/www.southtexasinjuryfirm.com\/es\/","og_locale":"es_ES","og_type":"article","og_title":"Abogado de lesiones personales y accidentes de auto en el Valle del R\u00edo Grande","og_description":"Nuestros abogados de accidentes de auto y lesiones personales en el Valle del R\u00edo Grande pueden luchar por la compensaci\u00f3n que necesita.","og_url":"https:\/\/www.southtexasinjuryfirm.com\/es\/","og_site_name":"Oficinas Legales de Richard Gonzales, PC","article_publisher":"https:\/\/www.facebook.com\/richgonzaleslaw\/","article_modified_time":"2023-08-22T14:54:23+00:00","og_image":[{"width":690,"height":507,"url":"https:\/\/www.southtexasinjuryfirm.com\/wp-content\/uploads\/2023\/04\/intro-image.jpg","type":"image\/jpeg"}],"twitter_card":"summary_large_image","twitter_misc":{"Tiempo de lectura":"2 minutos"},"schema":{"@context":"https:\/\/schema.org","@graph":[{"@type":"WebPage","@id":"https:\/\/www.southtexasinjuryfirm.com\/es\/","url":"https:\/\/www.southtexasinjuryfirm.com\/es\/","name":"Abogado de lesiones personales y accidentes de auto en el Valle del R\u00edo Grande","isPartOf":{"@id":"https:\/\/www.southtexasinjuryfirm.com\/es\/#website"},"primaryImageOfPage":{"@id":"https:\/\/www.southtexasinjuryfirm.com\/es\/#primaryimage"},"image":{"@id":"https:\/\/www.southtexasinjuryfirm.com\/es\/#primaryimage"},"thumbnailUrl":"https:\/\/www.southtexasinjuryfirm.com\/wp-content\/uploads\/2023\/04\/intro-image.jpg","datePublished":"2023-04-19T21:45:47+00:00","dateModified":"2023-08-22T14:54:23+00:00","description":"Nuestros abogados de accidentes de auto y lesiones personales en el Valle del R\u00edo Grande pueden luchar por la compensaci\u00f3n que necesita.","breadcrumb":{"@id":"https:\/\/www.southtexasinjuryfirm.com\/es\/#breadcrumb"},"inLanguage":"es","potentialAction":[{"@type":"ReadAction","target":["https:\/\/www.southtexasinjuryfirm.com\/es\/"]}]},{"@type":"ImageObject","inLanguage":"es","@id":"https:\/\/www.southtexasinjuryfirm.com\/es\/#primaryimage","url":"https:\/\/www.southtexasinjuryfirm.com\/wp-content\/uploads\/2023\/04\/intro-image.jpg","contentUrl":"https:\/\/www.southtexasinjuryfirm.com\/wp-content\/uploads\/2023\/04\/intro-image.jpg","width":690,"height":507},{"@type":"BreadcrumbList","@id":"https:\/\/www.southtexasinjuryfirm.com\/es\/#breadcrumb","itemListElement":[{"@type":"ListItem","position":1,"name":"Inicio","item":"https:\/\/www.southtexasinjuryfirm.com\/es\/"},{"@type":"ListItem","position":2,"name":"Inicio"}]},{"@type":"WebSite","@id":"https:\/\/www.southtexasinjuryfirm.com\/es\/#website","url":"https:\/\/www.southtexasinjuryfirm.com\/es\/","name":"Law Office of Richard Gonzales, PC","description":"","publisher":{"@id":"https:\/\/www.southtexasinjuryfirm.com\/es\/#organization"},"potentialAction":[{"@type":"SearchAction","target":{"@type":"EntryPoint","urlTemplate":"https:\/\/www.southtexasinjuryfirm.com\/es\/?s={search_term_string}"},"query-input":{"@type":"PropertyValueSpecification","valueRequired":true,"valueName":"search_term_string"}}],"inLanguage":"es"},{"@type":"Organization","@id":"https:\/\/www.southtexasinjuryfirm.com\/es\/#organization","name":"Law Office of Richard Gonzales, PC","url":"https:\/\/www.southtexasinjuryfirm.com\/es\/","logo":{"@type":"ImageObject","inLanguage":"es","@id":"https:\/\/www.southtexasinjuryfirm.com\/es\/#\/schema\/logo\/image\/","url":"https:\/\/www.southtexasinjuryfirm.com\/wp-content\/uploads\/2023\/05\/Logo-light.png","contentUrl":"https:\/\/www.southtexasinjuryfirm.com\/wp-content\/uploads\/2023\/05\/Logo-light.png","width":328,"height":150,"caption":"Law Office of Richard Gonzales, PC"},"image":{"@id":"https:\/\/www.southtexasinjuryfirm.com\/es\/#\/schema\/logo\/image\/"},"sameAs":["https:\/\/www.facebook.com\/richgonzaleslaw\/","https:\/\/www.youtube.com\/@rgvpeoplesattorney"]}]}},"_links":{"self":[{"href":"https:\/\/www.southtexasinjuryfirm.com\/es\/wp-json\/wp\/v2\/pages\/88","targetHints":{"allow":["GET"]}}],"collection":[{"href":"https:\/\/www.southtexasinjuryfirm.com\/es\/wp-json\/wp\/v2\/pages"}],"about":[{"href":"https:\/\/www.southtexasinjuryfirm.com\/es\/wp-json\/wp\/v2\/types\/page"}],"author":[{"embeddable":true,"href":"https:\/\/www.southtexasinjuryfirm.com\/es\/wp-json\/wp\/v2\/users\/7"}],"replies":[{"embeddable":true,"href":"https:\/\/www.southtexasinjuryfirm.com\/es\/wp-json\/wp\/v2\/comments?post=88"}],"version-history":[{"count":0,"href":"https:\/\/www.southtexasinjuryfirm.com\/es\/wp-json\/wp\/v2\/pages\/88\/revisions"}],"wp:featuredmedia":[{"embeddable":true,"href":"https:\/\/www.southtexasinjuryfirm.com\/es\/wp-json\/wp\/v2\/media\/5674"}],"wp:attachment":[{"href":"https:\/\/www.southtexasinjuryfirm.com\/es\/wp-json\/wp\/v2\/media?parent=88"}],"curies":[{"name":"wp","href":"https:\/\/api.w.org\/{rel}","templated":true}]}}