{"id":96,"date":"2023-07-25T17:22:59","date_gmt":"2023-07-25T17:22:59","guid":{"rendered":"https:\/\/www.southtexasinjuryfirm.com\/?page_id=96"},"modified":"2023-05-24T20:38:25","modified_gmt":"2023-05-24T20:38:25","slug":"abogado-de-lesiones-personales-en-valle-rio-grande","status":"publish","type":"page","link":"https:\/\/www.southtexasinjuryfirm.com\/es\/abogado-de-lesiones-personales-en-valle-rio-grande\/","title":{"rendered":"Lesiones Personales"},"content":{"rendered":"<p>\u00bfResult\u00f3 herido en un accidente de auto? \u00bfSe lesion\u00f3 por un producto inseguro? \u00bfSe resbal\u00f3 y se cay\u00f3 en la propiedad de otra persona? Independientemente de la causa espec\u00edfica de su lesi\u00f3n, si el culpable es el comportamiento descuidado, imprudente o intencionalmente da\u00f1ino de otra persona, esa persona podr\u00eda deberle una compensaci\u00f3n. El abogado de lesiones personales en el Valle del R\u00edo Grande, Richard Gonzales, quiere ayudarlo a exigirla.<\/p>\n<p>Richard comprende las muchas formas en que un accidente puede afectar la vida de alguien. Como el abogado de la gente en el Valle del R\u00edo Grande, ha dedicado su carrera a ayudar a personas en puestos similares. Richard y su equipo tienen una amplia experiencia con la ley de lesiones personales y pueden buscar el dinero que se merece por sus p\u00e9rdidas f\u00edsicas, emocionales y financieras. Estamos preparados para encargarnos de todo el trabajo legal por usted, y no le cobraremos ninguna tarifa por adelantado por nuestros servicios. En cambio, solo nos paga si ganamos.<\/p>\n<p>\u00bfListo para exigir justicia? Entonces, llame a las Oficinas Legales de Richard Gonzales, P.C., hoy o visite nuestra p\u00e1gina de contacto para una revisi\u00f3n gratuita de su caso con un abogado de lesiones personales en el Valle del R\u00edo Grande.<\/p>\n<h2>\u00bfCu\u00e1les son las lesiones m\u00e1s comunes en un caso de lesiones personales?<\/h2>\n<p>Como abogado de lesiones personales, Richard ha visto c\u00f3mo los accidentes en el Valle del R\u00edo Grande con frecuencia dejan a personas inocentes con lesiones graves, como:<\/p>\n<div class=\"row\">\n<div class=\"col-12 col-lg-6\">\n<ul class=\"icon-list\">\n<li>Lesiones externas en la cabeza<\/li>\n<li>Lesiones cerebrales traum\u00e1ticas<\/li>\n<li>Lesiones de la m\u00e9dula espinal, incluyendo par\u00e1lisis parcial o completa<\/li>\n<li>Lesiones de espalda<\/li>\n<li>Lesiones en el cuello<\/li>\n<li>Quemaduras severas<\/li>\n<li>Cicatrizaci\u00f3n y desfiguraci\u00f3n<\/li>\n<li>Extremidades cortadas, aplastadas o amputadas<\/li>\n<\/ul>\n<\/div>\n<div class=\"col-12 col-lg-6\">\n<ul class=\"icon-list\">\n<li>Da\u00f1o en el nervio<\/li>\n<li>Huesos rotos<\/li>\n<li>Lesiones de tejidos blandos<\/li>\n<li>Hemorragia interna<\/li>\n<li>Lesiones en \u00f3rganos internos<\/li>\n<li>Heridas punzantes y laceraciones<\/li>\n<li>Estr\u00e9s emocional<\/li>\n<\/ul>\n<\/div>\n<\/div>\n<h2>\u00bfCu\u00e1les son las leyes de lesiones personales en Texas?<\/h2>\n<p>De acuerdo con la <a href=\"https:\/\/statutes.capitol.texas.gov\/Docs\/CP\/htm\/CP.16.htm\" target=\"_blank\" rel=\"noopener\">Ley de Texas<\/a>, debe presentar una demanda por lesiones personales dentro de los dos a\u00f1os posteriores a la fecha en que ocurri\u00f3 la lesi\u00f3n, aunque existen algunas excepciones a esta regla. Por ejemplo, si alguien sufre una lesi\u00f3n antes de los 18 a\u00f1os de edad, la cuenta regresiva de dos a\u00f1os comienza en su cumplea\u00f1os n\u00famero 18, siempre que su familia no haya buscado una compensaci\u00f3n en su nombre. Del mismo modo, los demandantes con discapacidad mental tienen dos a\u00f1os desde que los tribunales los consideran mentalmente aptos para presentar una demanda. Finalmente, es posible que tenga tiempo adicional para presentar una demanda si no descubri\u00f3 inmediatamente su lesi\u00f3n cuando ocurri\u00f3 por primera vez, como en el caso de los efectos secundarios causados \u200b\u200bpor medicamentos peligrosos.<\/p>\n<p>Otra ley clave de lesiones personales en Texas se refiere al concepto legal de negligencia comparativa. La <a href=\"https:\/\/statutes.capitol.texas.gov\/Docs\/CP\/htm\/CP.33.htm\" target=\"_blank\" rel=\"noopener\">Ley del Estado<\/a> le permite recuperar una compensaci\u00f3n de otras partes culpables de sus lesiones, siempre y cuando usted no tenga m\u00e1s del 50 por ciento de culpa por ellas. Sin embargo, la compensaci\u00f3n que recupere disminuir\u00e1 en proporci\u00f3n a su parte de culpa. Es por eso que es fundamental que trabaje con un abogado experimentado en lesiones personales en el Valle del R\u00edo Grande que sepa c\u00f3mo culpar directamente a la persona que lo lastim\u00f3.<\/p>\n","protected":false},"excerpt":{"rendered":"<p>\u00bfResult\u00f3 herido en un accidente de auto? \u00bfSe lesion\u00f3 por un producto inseguro? \u00bfSe resbal\u00f3 y se cay\u00f3 en la propiedad de otra persona? Independientemente de la causa espec\u00edfica de su lesi\u00f3n, si el culpable es el comportamiento descuidado, imprudente o intencionalmente da\u00f1ino de otra&#8230;<\/p>\n","protected":false},"author":7,"featured_media":0,"parent":0,"menu_order":3,"comment_status":"closed","ping_status":"closed","template":"practice-area.php","meta":{"_acf_changed":false,"footnotes":""},"class_list":["post-96","page","type-page","status-publish","hentry"],"acf":[],"yoast_head":"<!-- This site is optimized with the Yoast SEO plugin v27.5 - https:\/\/yoast.com\/product\/yoast-seo-wordpress\/ -->\n<title>Abogado de Lesiones Personales en el Valle del R\u00edo Grande - Oficinas Legales de Richard Gonzales, P.C.<\/title>\n<meta name=\"description\" content=\"Cont\u00e1ctenos hoy para comenzar con una consulta gratuita con el abogado de lesiones personales en el Valle del R\u00edo Grande, Richard Gonzales.\" \/>\n<meta name=\"robots\" content=\"index, follow, max-snippet:-1, max-image-preview:large, max-video-preview:-1\" \/>\n<link rel=\"canonical\" href=\"https:\/\/www.southtexasinjuryfirm.com\/es\/abogado-de-lesiones-personales-en-valle-rio-grande\/\" \/>\n<meta property=\"og:locale\" content=\"es_ES\" \/>\n<meta property=\"og:type\" content=\"article\" \/>\n<meta property=\"og:title\" content=\"Abogado de Lesiones Personales en el Valle del R\u00edo Grande - Oficinas Legales de Richard Gonzales, P.C.\" \/>\n<meta property=\"og:description\" content=\"Cont\u00e1ctenos hoy para comenzar con una consulta gratuita con el abogado de lesiones personales en el Valle del R\u00edo Grande, Richard Gonzales.\" \/>\n<meta property=\"og:url\" content=\"https:\/\/www.southtexasinjuryfirm.com\/es\/abogado-de-lesiones-personales-en-valle-rio-grande\/\" \/>\n<meta property=\"og:site_name\" content=\"Oficinas Legales de Richard Gonzales, PC\" \/>\n<meta property=\"article:publisher\" content=\"https:\/\/www.facebook.com\/richgonzaleslaw\/\" \/>\n<meta property=\"og:image\" content=\"https:\/\/www.southtexasinjuryfirm.com\/wp-content\/uploads\/2023\/04\/Legally-reviewed-bio-image-resize.png\" \/>\n\t<meta property=\"og:image:width\" content=\"205\" \/>\n\t<meta property=\"og:image:height\" content=\"205\" \/>\n\t<meta property=\"og:image:type\" content=\"image\/png\" \/>\n<meta name=\"twitter:card\" content=\"summary_large_image\" \/>\n<meta name=\"twitter:label1\" content=\"Tiempo de lectura\" \/>\n\t<meta name=\"twitter:data1\" content=\"3 minutos\" \/>\n<!-- \/ Yoast SEO plugin. -->","yoast_head_json":{"title":"Abogado de Lesiones Personales en el Valle del R\u00edo Grande - Oficinas Legales de Richard Gonzales, P.C.","description":"Cont\u00e1ctenos hoy para comenzar con una consulta gratuita con el abogado de lesiones personales en el Valle del R\u00edo Grande, Richard Gonzales.","robots":{"index":"index","follow":"follow","max-snippet":"max-snippet:-1","max-image-preview":"max-image-preview:large","max-video-preview":"max-video-preview:-1"},"canonical":"https:\/\/www.southtexasinjuryfirm.com\/es\/abogado-de-lesiones-personales-en-valle-rio-grande\/","og_locale":"es_ES","og_type":"article","og_title":"Abogado de Lesiones Personales en el Valle del R\u00edo Grande - Oficinas Legales de Richard Gonzales, P.C.","og_description":"Cont\u00e1ctenos hoy para comenzar con una consulta gratuita con el abogado de lesiones personales en el Valle del R\u00edo Grande, Richard Gonzales.","og_url":"https:\/\/www.southtexasinjuryfirm.com\/es\/abogado-de-lesiones-personales-en-valle-rio-grande\/","og_site_name":"Oficinas Legales de Richard Gonzales, PC","article_publisher":"https:\/\/www.facebook.com\/richgonzaleslaw\/","og_image":[{"width":205,"height":205,"url":"https:\/\/www.southtexasinjuryfirm.com\/wp-content\/uploads\/2023\/04\/Legally-reviewed-bio-image-resize.png","type":"image\/png"}],"twitter_card":"summary_large_image","twitter_misc":{"Tiempo de lectura":"3 minutos"},"schema":{"@context":"https:\/\/schema.org","@graph":[{"@type":"WebPage","@id":"https:\/\/www.southtexasinjuryfirm.com\/es\/abogado-de-lesiones-personales-en-valle-rio-grande\/","url":"https:\/\/www.southtexasinjuryfirm.com\/es\/abogado-de-lesiones-personales-en-valle-rio-grande\/","name":"Abogado de Lesiones Personales en el Valle del R\u00edo Grande - Oficinas Legales de Richard Gonzales, P.C.","isPartOf":{"@id":"https:\/\/www.southtexasinjuryfirm.com\/es\/#website"},"datePublished":"2023-07-25T17:22:59+00:00","description":"Cont\u00e1ctenos hoy para comenzar con una consulta gratuita con el abogado de lesiones personales en el Valle del R\u00edo Grande, Richard Gonzales.","breadcrumb":{"@id":"https:\/\/www.southtexasinjuryfirm.com\/es\/abogado-de-lesiones-personales-en-valle-rio-grande\/#breadcrumb"},"inLanguage":"es","potentialAction":[{"@type":"ReadAction","target":["https:\/\/www.southtexasinjuryfirm.com\/es\/abogado-de-lesiones-personales-en-valle-rio-grande\/"]}]},{"@type":"BreadcrumbList","@id":"https:\/\/www.southtexasinjuryfirm.com\/es\/abogado-de-lesiones-personales-en-valle-rio-grande\/#breadcrumb","itemListElement":[{"@type":"ListItem","position":1,"name":"Inicio","item":"https:\/\/www.southtexasinjuryfirm.com\/es\/"},{"@type":"ListItem","position":2,"name":"Lesiones Personales"}]},{"@type":"WebSite","@id":"https:\/\/www.southtexasinjuryfirm.com\/es\/#website","url":"https:\/\/www.southtexasinjuryfirm.com\/es\/","name":"Law Office of Richard Gonzales, PC","description":"","publisher":{"@id":"https:\/\/www.southtexasinjuryfirm.com\/es\/#organization"},"potentialAction":[{"@type":"SearchAction","target":{"@type":"EntryPoint","urlTemplate":"https:\/\/www.southtexasinjuryfirm.com\/es\/?s={search_term_string}"},"query-input":{"@type":"PropertyValueSpecification","valueRequired":true,"valueName":"search_term_string"}}],"inLanguage":"es"},{"@type":"Organization","@id":"https:\/\/www.southtexasinjuryfirm.com\/es\/#organization","name":"Law Office of Richard Gonzales, PC","url":"https:\/\/www.southtexasinjuryfirm.com\/es\/","logo":{"@type":"ImageObject","inLanguage":"es","@id":"https:\/\/www.southtexasinjuryfirm.com\/es\/#\/schema\/logo\/image\/","url":"https:\/\/www.southtexasinjuryfirm.com\/wp-content\/uploads\/2023\/05\/Logo-light.png","contentUrl":"https:\/\/www.southtexasinjuryfirm.com\/wp-content\/uploads\/2023\/05\/Logo-light.png","width":328,"height":150,"caption":"Law Office of Richard Gonzales, PC"},"image":{"@id":"https:\/\/www.southtexasinjuryfirm.com\/es\/#\/schema\/logo\/image\/"},"sameAs":["https:\/\/www.facebook.com\/richgonzaleslaw\/","https:\/\/www.youtube.com\/@rgvpeoplesattorney"]}]}},"_links":{"self":[{"href":"https:\/\/www.southtexasinjuryfirm.com\/es\/wp-json\/wp\/v2\/pages\/96","targetHints":{"allow":["GET"]}}],"collection":[{"href":"https:\/\/www.southtexasinjuryfirm.com\/es\/wp-json\/wp\/v2\/pages"}],"about":[{"href":"https:\/\/www.southtexasinjuryfirm.com\/es\/wp-json\/wp\/v2\/types\/page"}],"author":[{"embeddable":true,"href":"https:\/\/www.southtexasinjuryfirm.com\/es\/wp-json\/wp\/v2\/users\/7"}],"replies":[{"embeddable":true,"href":"https:\/\/www.southtexasinjuryfirm.com\/es\/wp-json\/wp\/v2\/comments?post=96"}],"version-history":[{"count":0,"href":"https:\/\/www.southtexasinjuryfirm.com\/es\/wp-json\/wp\/v2\/pages\/96\/revisions"}],"wp:attachment":[{"href":"https:\/\/www.southtexasinjuryfirm.com\/es\/wp-json\/wp\/v2\/media?parent=96"}],"curies":[{"name":"wp","href":"https:\/\/api.w.org\/{rel}","templated":true}]}}